{"id":7274,"date":"2025-01-07T14:35:53","date_gmt":"2025-01-07T13:35:53","guid":{"rendered":"https:\/\/humanrelax.com\/?page_id=7274"},"modified":"2025-03-09T20:55:23","modified_gmt":"2025-03-09T19:55:23","slug":"flowdisc-wave-cleaner-sticker","status":"publish","type":"page","link":"https:\/\/humanrelax.com\/en\/flowdisc-wave-cleaner-sticker\/","title":{"rendered":"FlowDisc wave cleaner sticker"},"content":{"rendered":"<div class=\"wpb-content-wrapper\"><p>[vc_row][vc_column width=&#8221;1\/4&#8243;][vc_empty_space height=&#8221;48px&#8221;][vc_single_image image=&#8221;7519&#8243; img_size=&#8221;full&#8221; alignment=&#8221;center&#8221; css_animation=&#8221;fadeIn&#8221; css=&#8221;.vc_custom_1737048900885{margin-top: 0px !important;margin-right: 0px !important;margin-bottom: 0px !important;margin-left: 0px !important;padding-top: 0px !important;padding-right: 0px !important;padding-bottom: 0px !important;padding-left: 0px !important;}&#8221;][\/vc_column][vc_column width=&#8221;3\/4&#8243;][vc_empty_space height=&#8221;48px&#8221;][vc_column_text css=&#8221;&#8221;]<\/p>\n<h1 style=\"text-align: center;\"><span style=\"color: #8cdecc;\">STICKER FOR PROTECTION AGAINST HARMFUL RADIATION<\/span><\/h1>\n<p>[\/vc_column_text][vc_column_text css=&#8221;&#8221;]<\/p>\n<ul>\n<li>\n<h5>The FlowDisc Wave Cleaner sticker is linked to the Flow Disc information box. This results in significant measurable cleaning effects on many levels. For example. the parameters of the human body show healthier values if the sticker is placed on the back of the mobile phone.<\/h5>\n<\/li>\n<\/ul>\n<p>[\/vc_column_text][vc_column_text css=&#8221;&#8221;]<\/p>\n<ul>\n<li>\n<h5>The effect is strongest when there is also an image of Flow Disc on the front of the phone in the form of a wallpaper or screensaver.<\/h5>\n<\/li>\n<\/ul>\n<p>[\/vc_column_text][vc_column_text css=&#8221;&#8221;]<\/p>\n<ul>\n<li>\n<h5>The sticker is also suitable for use on other emitting devices: computer, laptop, tablet, wifi router, as well as on places you want to protect.<\/h5>\n<\/li>\n<\/ul>\n<p>[\/vc_column_text][vc_column_text css=&#8221;&#8221;]<\/p>\n<ul>\n<li>\n<h5><span style=\"color: #8cdecc;\">Here you can choose a Flow Disco image and download it to your phone for free to use as a wallpaper or screensaver.<\/span><\/h5>\n<\/li>\n<\/ul>\n<p>[\/vc_column_text][vc_column_text css=&#8221;&#8221;]<\/p>\n<ul>\n<li>\n<h5><span style=\"color: #8cdede;\">However, a photo of your sticker (or physical Flow Disc) can serve you just as well.<\/span><\/h5>\n<\/li>\n<\/ul>\n<p>[\/vc_column_text][vc_empty_space height=&#8221;36px&#8221;][\/vc_column][vc_column][\/vc_column][\/vc_row][vc_row][vc_column width=&#8221;1\/4&#8243;][vc_single_image image=&#8221;7312&#8243; img_size=&#8221;full&#8221; alignment=&#8221;center&#8221; css_animation=&#8221;zoomIn&#8221; css=&#8221;&#8221;][\/vc_column][vc_column width=&#8221;1\/4&#8243;][vc_single_image image=&#8221;7314&#8243; img_size=&#8221;full&#8221; alignment=&#8221;center&#8221; css_animation=&#8221;zoomIn&#8221; css=&#8221;&#8221;][\/vc_column][vc_column width=&#8221;1\/4&#8243;][vc_single_image image=&#8221;7316&#8243; img_size=&#8221;full&#8221; alignment=&#8221;center&#8221; css_animation=&#8221;zoomIn&#8221; css=&#8221;&#8221;][\/vc_column][vc_column width=&#8221;1\/4&#8243;][vc_single_image image=&#8221;7318&#8243; img_size=&#8221;full&#8221; alignment=&#8221;center&#8221; css_animation=&#8221;zoomIn&#8221; css=&#8221;&#8221;][\/vc_column][\/vc_row][vc_row][vc_column width=&#8221;1\/4&#8243;][vc_single_image image=&#8221;7327&#8243; img_size=&#8221;full&#8221; alignment=&#8221;center&#8221; css_animation=&#8221;zoomIn&#8221; css=&#8221;&#8221;][\/vc_column][vc_column width=&#8221;1\/4&#8243;][vc_single_image image=&#8221;7329&#8243; img_size=&#8221;full&#8221; alignment=&#8221;center&#8221; css_animation=&#8221;zoomIn&#8221; css=&#8221;&#8221;][\/vc_column][vc_column width=&#8221;1\/4&#8243;][vc_single_image image=&#8221;7331&#8243; img_size=&#8221;full&#8221; alignment=&#8221;center&#8221; css_animation=&#8221;zoomIn&#8221; css=&#8221;&#8221;][\/vc_column][vc_column width=&#8221;1\/4&#8243;][vc_single_image image=&#8221;7333&#8243; img_size=&#8221;full&#8221; alignment=&#8221;center&#8221; css_animation=&#8221;zoomIn&#8221; css=&#8221;&#8221;][\/vc_column][\/vc_row][vc_row][vc_column width=&#8221;1\/4&#8243;][vc_empty_space height=&#8221;36px&#8221;][vc_single_image image=&#8221;7429&#8243; img_size=&#8221;full&#8221; alignment=&#8221;center&#8221; css=&#8221;&#8221;][\/vc_column][vc_column width=&#8221;3\/4&#8243;][vc_empty_space height=&#8221;36px&#8221;][vc_column_text css=&#8221;&#8221;]<\/p>\n<p style=\"text-align: justify;\">Many people perceive that having their mobile phones on near their heads is a burden. No wonder, because the energy they emit is so strong when penetrating material obstacles that it can penetrate concrete walls. The delicate human ecosystem, cells, tissues, neurons, meridians, Aura, &#8230; all work with the most subtle energies. How could they not be negatively affected by energy that passes through concrete? Today&#8217;s mobile phones transmit their energy at unimaginable frequencies. In one second, their radiated energy oscillates back and forth more than a billion times. And with Wifi routers, that&#8217;s routinely over five billion oscillations per second. The intense penetrating energy vibrates human cells strongly and unnaturally, of course, which has a destructive effect on them. However, if some means can mitigate the negative effects of radiation from mobile phones (wifi routers and other similar technology), then this is a considerable relief for the human ecosystem. Our research has repeatedly confirmed that one such very effective means is the FlowDisc Wave Cleaner, which is a special &#8220;shape emitter&#8221; based on the information field created by the Flow Disc&#8217;s information matrix. <span style=\"color: #ffffff;\"><a style=\"color: #ffffff;\" href=\"https:\/\/humanrelax.com\/en\/\" target=\"_blank\" rel=\"noopener\">Flow Disc<\/a><\/span> is by its design a special Cosmic Energy Portal, which has proven in practice on many users its extraordinary &#8220;cosmic&#8221; effectiveness. During its existence it has already created a sufficiently effective &#8220;information field.&#8221;<\/p>\n<p>[\/vc_column_text][\/vc_column][\/vc_row][vc_row][vc_column width=&#8221;1\/2&#8243;][vc_column_text css=&#8221;&#8221;]<\/p>\n<p class=\"wnd-align-justify\" style=\"text-align: justify;\"><span class=\"wsw-08 wnd-font-size-110\"><span class=\"wnd-font-size-80\">FlowDisc Wave Cleaner contains a set of key information of Sacred Geometry. These are Cosmic Codes expressed in the form of an image that refers to the informational essence of the Sacred Geometry of the Flow Disc Cosmic Energy Portal, thus connecting to its information field. The FlowDisc Wave Cleaner has been tested on many levels. For example. with a general practitioner who has studied the effects of FlowDisc Wave Cleaner in sticker form on children, adolescents, and adults. Tests were also carried out with measurements on frequency instruments (Sensitiv Imago), as well as measurements on instruments monitoring chakra and Aura activity. Testing was also carried out on sensitives able to perceive and directly see energy fields. <\/span><\/span><\/p>\n<p class=\"wnd-align-justify\"><span class=\"wsw-08 wnd-font-size-110\"><span class=\"wnd-font-size-80\">All measurements and testing were carried out on 4 levels: <\/span><\/span><\/p>\n<p>[\/vc_column_text][vc_column_text css=&#8221;&#8221;]<\/p>\n<h6><span class=\"wnd-font-size-90\">1)<\/span><span class=\"wnd-font-size-90\" style=\"color: #33cccc;\"> <span style=\"color: #8cdecc;\">Measurement of the body itself without the mobile phone<\/span><\/span><\/h6>\n<p>[\/vc_column_text][vc_column_text css=&#8221;&#8221;]<\/p>\n<h6><span class=\"wnd-font-size-90\">2)<\/span><span class=\"wnd-font-size-90\" style=\"color: #33cccc;\"> <span style=\"color: #8cdecc;\">Body measurements with mobile on heart without FlowDisc Wave Cleaner<\/span><\/span><\/h6>\n<p>[\/vc_column_text][vc_column_text css=&#8221;&#8221;]<\/p>\n<h6><span class=\"wnd-font-size-90\">3)<\/span><span class=\"wnd-font-size-90\" style=\"color: #33cccc;\"> <span style=\"color: #8cdecc;\">Body measurements with the mobile on the heart with FlowDisc Wave Cleaner on the back of the mobile in the form of a sticker<\/span><\/span><\/h6>\n<p>[\/vc_column_text][vc_column_text css=&#8221;&#8221;]<\/p>\n<h6><span class=\"wnd-font-size-90\">4)<\/span><span class=\"wnd-font-size-90\" style=\"color: #33cccc;\"> <span style=\"color: #8cdecc;\">Body measurements with the phone on the heart with FlowDisc Wave Cleaner on the back of the phone in the form of a sticker and with the FlowDisc Wave Cleaner image on the front of the phone in the form of a screen wallpaper (or screensaver)<\/span><\/span><\/h6>\n<p>[\/vc_column_text][vc_column_text css=&#8221;&#8221;]<\/p>\n<p class=\"wnd-align-justify\" style=\"text-align: justify;\"><span class=\"wsw-08 wnd-font-size-110\"><span class=\"wnd-font-size-80\">Measurements and testing have confirmed the strong negative effect of an active mobile phone on the human body. <\/span><\/span><\/p>\n<p class=\"wnd-align-justify\" style=\"text-align: justify;\"><span class=\"wsw-08 wnd-font-size-110\"><span class=\"wnd-font-size-80\">The measurements have also shown a very significant positive effect of the FlowDisc Wave Cleaner, which literally exceeds all our expectations. It turned out that if the mobile phone has a FlowDisc Wave Cleaner sticker on the back and the same pattern on the front (e.g. in the form of a wallpaper), the positive effect is many times stronger than if the FlowDisc Wave Cleaner is placed only on the back of the mobile phone. This was very surprising to us, as in the case of a call in progress, the wallpaper does not appear on the mobile display. This fact seems to demonstrate the principle that the Flow Disc&#8217;s intangible information field (its information imprint and intent as such) works positively in the case of the mobile phone as well. <\/span><\/span><\/p>\n<p>[\/vc_column_text][\/vc_column][vc_column width=&#8221;1\/2&#8243;][vc_column_text css=&#8221;&#8221;]<\/p>\n<h6 style=\"text-align: left;\">A) <span style=\"color: #8cdecc;\">chakra status without using FlowDisc Wave Cleaner<\/span><\/h6>\n<p>[\/vc_column_text][vc_single_image image=&#8221;7336&#8243; img_size=&#8221;full&#8221; alignment=&#8221;center&#8221; css=&#8221;&#8221;][vc_empty_space height=&#8221;18px&#8221;][vc_column_text css=&#8221;&#8221;]<\/p>\n<h6 style=\"text-align: left;\">B) <span style=\"color: #8cdecc;\">chakra status when using FlowDisc Wave Cleaner (enhancement approx. 30%)<\/span><\/h6>\n<p>[\/vc_column_text][vc_single_image image=&#8221;7338&#8243; img_size=&#8221;full&#8221; alignment=&#8221;center&#8221; css=&#8221;&#8221;][vc_empty_space][\/vc_column][\/vc_row][vc_row][vc_column][vc_empty_space height=&#8221;6px&#8221;][vc_separator color=&#8221;custom&#8221; css=&#8221;&#8221; accent_color=&#8221;#8CDECC&#8221;][vc_empty_space height=&#8221;12px&#8221;][vc_column_text css=&#8221;&#8221;][\/vc_column_text][\/vc_column][\/vc_row][vc_row][vc_column width=&#8221;1\/2&#8243;][vc_empty_space][vc_column_text css=&#8221;&#8221;]<\/p>\n<h1 style=\"text-align: center;\"><span style=\"color: #8cdecc;\">FLOW DISC<\/span><\/h1>\n<p>[\/vc_column_text][vc_empty_space height=&#8221;8px&#8221;][vc_single_image image=&#8221;7382&#8243; img_size=&#8221;full&#8221; alignment=&#8221;center&#8221; onclick=&#8221;custom_link&#8221; img_link_target=&#8221;_blank&#8221; css_animation=&#8221;zoomIn&#8221; css=&#8221;&#8221; link=&#8221;https:\/\/humanrelax.com\/en\/&#8221;][vc_empty_space height=&#8221;8px&#8221;][vc_column_text css=&#8221;&#8221;]<\/p>\n<h1 style=\"text-align: center;\"><span style=\"color: #8cdecc;\">EXPLORE<\/span><\/h1>\n<p>[\/vc_column_text][\/vc_column][vc_column width=&#8221;1\/2&#8243;][vc_empty_space height=&#8221;12px&#8221;][vc_video link=&#8221;https:\/\/youtu.be\/OfCAXCpLT4E?si=wkDOMO0MXduhF34t&#8221; align=&#8221;center&#8221; css_animation=&#8221;zoomIn&#8221; css=&#8221;&#8221;][vc_empty_space height=&#8221;28px&#8221;][\/vc_column][\/vc_row][vc_row][vc_column][vc_empty_space][vc_separator color=&#8221;custom&#8221; css=&#8221;&#8221; accent_color=&#8221;#8CDECC&#8221;][vc_column_text css=&#8221;&#8221;][\/vc_column_text][vc_empty_space height=&#8221;24px&#8221;][vc_column_text css=&#8221;&#8221;][\/vc_column_text][\/vc_column][\/vc_row][vc_row][vc_column][vc_column_text css=&#8221;&#8221;][\/vc_column_text][vc_column_text css=&#8221;&#8221;]<\/p>\n<h1 style=\"text-align: center;\">4 colours to choose from<\/h1>\n<p>[\/vc_column_text][\/vc_column][\/vc_row][vc_row][vc_column width=&#8221;1\/5&#8243;][vc_single_image image=&#8221;7440&#8243; img_size=&#8221;full&#8221; alignment=&#8221;center&#8221; css_animation=&#8221;zoomIn&#8221; css=&#8221;&#8221;][vc_column_text css=&#8221;&#8221;]<\/p>\n<p style=\"text-align: center;\"><span style=\"color: #8cdecc;\"><em>The Unbroken Raspberry<br \/>\n<\/em><\/span><\/p>\n<p>[\/vc_column_text][\/vc_column][vc_column width=&#8221;1\/5&#8243;][vc_single_image image=&#8221;7442&#8243; img_size=&#8221;full&#8221; alignment=&#8221;center&#8221; css_animation=&#8221;zoomIn&#8221; css=&#8221;&#8221;][vc_column_text css=&#8221;&#8221;]<\/p>\n<p style=\"text-align: center;\"><span style=\"color: #8cdecc;\"><em>Anthracite<\/em><\/span><\/p>\n<p>[\/vc_column_text][\/vc_column][vc_column width=&#8221;1\/5&#8243;][vc_single_image image=&#8221;7444&#8243; img_size=&#8221;full&#8221; alignment=&#8221;center&#8221; css_animation=&#8221;zoomIn&#8221; css=&#8221;&#8221;][vc_column_text css=&#8221;&#8221;]<\/p>\n<p style=\"text-align: center;\"><span style=\"color: #8cdecc;\"><em>Lilac<\/em><\/span><\/p>\n<p>[\/vc_column_text][\/vc_column][vc_column width=&#8221;1\/5&#8243;][vc_single_image image=&#8221;7446&#8243; img_size=&#8221;full&#8221; alignment=&#8221;center&#8221; css_animation=&#8221;zoomIn&#8221; css=&#8221;&#8221;][vc_column_text css=&#8221;&#8221;]<\/p>\n<p style=\"text-align: center;\"><span style=\"color: #8cdecc;\"><em>Raspberry<\/em><\/span><\/p>\n<p>[\/vc_column_text][\/vc_column][vc_column width=&#8221;1\/5&#8243;][vc_single_image image=&#8221;7451&#8243; img_size=&#8221;full&#8221; alignment=&#8221;center&#8221; css_animation=&#8221;zoomIn&#8221; css=&#8221;&#8221;][vc_column_text css=&#8221;&#8221;]<\/p>\n<p style=\"text-align: center;\"><span style=\"color: #8cdecc;\"><em>Blue Lava<\/em><\/span><\/p>\n<p>[\/vc_column_text][\/vc_column][\/vc_row][vc_row][vc_column][vc_column_text css=&#8221;&#8221;][\/vc_column_text][vc_column_text css=&#8221;&#8221;]<\/p>\n<h6><span class=\"HwtZe\" lang=\"en\"><span class=\"jCAhz ChMk0b\"><span class=\"ryNqvb\">There are 4 color versions to choose from: Anthracite, Lilac, Raspberry, Blue Lava, all versions are on a golden background.<\/span><\/span> <span class=\"jCAhz ChMk0b\"><span class=\"ryNqvb\">After peeling off, there are three separate stickers available: 1) Flow Disc Wave Cleaner (\u00d8 55 mm), 2) the name Flow Disc, 3) the logo of the Human Relax project.<\/span><\/span><\/span><\/h6>\n<p>[\/vc_column_text][vc_empty_space][\/vc_column][\/vc_row][vc_row][vc_column width=&#8221;1\/5&#8243;][vc_single_image image=&#8221;7790&#8243; img_size=&#8221;300X300&#8243; alignment=&#8221;center&#8221; css_animation=&#8221;zoomIn&#8221; css=&#8221;&#8221;][\/vc_column][vc_column width=&#8221;1\/5&#8243;][vc_single_image image=&#8221;7800&#8243; img_size=&#8221;300X300&#8243; alignment=&#8221;center&#8221; css_animation=&#8221;zoomIn&#8221; css=&#8221;&#8221;][\/vc_column][vc_column width=&#8221;1\/5&#8243;][vc_single_image image=&#8221;7857&#8243; img_size=&#8221;300X300&#8243; alignment=&#8221;center&#8221; css_animation=&#8221;zoomIn&#8221; css=&#8221;&#8221;][\/vc_column][vc_column width=&#8221;1\/5&#8243;][vc_single_image image=&#8221;7859&#8243; img_size=&#8221;300X300&#8243; alignment=&#8221;center&#8221; css_animation=&#8221;zoomIn&#8221; css=&#8221;&#8221;][\/vc_column][vc_column width=&#8221;1\/5&#8243;][vc_single_image image=&#8221;7861&#8243; img_size=&#8221;300X300&#8243; alignment=&#8221;center&#8221; css_animation=&#8221;zoomIn&#8221; css=&#8221;&#8221;][\/vc_column][\/vc_row][vc_row][vc_column][vc_empty_space height=&#8221;64px&#8221;][vc_separator color=&#8221;custom&#8221; css=&#8221;&#8221; accent_color=&#8221;#8CDECC&#8221;][vc_column_text css=&#8221;&#8221;][\/vc_column_text][\/vc_column][\/vc_row][vc_row][vc_column width=&#8221;1\/5&#8243;]<div class=\"smicon-component wpb_animate_when_almost_visible wpb_appear animate-element \"><a class=\"smicon-box-link\" href=\"https:\/\/humanrelax.com\/en\/\" target=\"\"><div class=\"smicon-box  icon-top sm-icon-normal\"><div class=\"smicon-icon\"><img decoding=\"async\" class=\" smicon-box-icon \" style=\" width:150px;height:150px;   padding: 5px;\" src=\"https:\/\/humanrelax.com\/wp-content\/uploads\/2023\/04\/ikony-web-02-e1682058247725.png\"\/><\/div> <!-- icon --><div class=\"smicon-header\"><h3 class=\"smicon-title\">Flow Disc<\/h3><\/div> <!-- header --><div class=\"smicon-description\">co je FlowDisc<\/div> <!-- description --><\/div> <!-- smicon-box --><\/div> <!-- smicon-component --><\/a>[\/vc_column][vc_column width=&#8221;1\/5&#8243;]<div class=\"smicon-component wpb_animate_when_almost_visible wpb_appear animate-element \"><a class=\"smicon-box-link\" href=\"https:\/\/humanrelax.com\/en\/flow-disc-relief\/\" target=\"\"><div class=\"smicon-box  icon-top sm-icon-normal\"><div class=\"smicon-icon\"><img decoding=\"async\" class=\" smicon-box-icon \" style=\" width:150px;height:150px;   padding: 5px;\" src=\"https:\/\/humanrelax.com\/wp-content\/uploads\/2023\/04\/ikony-web-04-e1682058208633.png\"\/><\/div> <!-- icon --><div class=\"smicon-header\"><h3 class=\"smicon-title\">FlowDiscu relief<\/h3><\/div> <!-- header --><div class=\"smicon-description\">o p\u016fsoben\u00ed tvaru FD<\/div> <!-- description --><\/div> <!-- smicon-box --><\/div> <!-- smicon-component --><\/a>[\/vc_column][vc_column width=&#8221;1\/5&#8243;]<div class=\"smicon-component wpb_animate_when_almost_visible wpb_appear animate-element \"><a class=\"smicon-box-link\" href=\"https:\/\/humanrelax.com\/en\/effects-of-flow-disc\/\" target=\"\"><div class=\"smicon-box  icon-top sm-icon-normal\"><div class=\"smicon-icon\"><img decoding=\"async\" class=\" smicon-box-icon \" style=\" width:150px;height:150px;   padding: 5px;\" src=\"https:\/\/humanrelax.com\/wp-content\/uploads\/2023\/04\/ikony-web-07-e1682058095506.png\"\/><\/div> <!-- icon --><div class=\"smicon-header\"><h3 class=\"smicon-title\">Effects of FlowDisc<\/h3><\/div> <!-- header --><div class=\"smicon-description\">o celkov\u00fdch \u00fa\u010dinc\u00edch FD<\/div> <!-- description --><\/div> <!-- smicon-box --><\/div> <!-- smicon-component --><\/a>[\/vc_column][vc_column width=&#8221;1\/5&#8243;]<div class=\"smicon-component wpb_animate_when_almost_visible wpb_appear animate-element \"><a class=\"smicon-box-link\" href=\"https:\/\/humanrelax.com\/en\/further-information-and-context\/\" target=\"\"><div class=\"smicon-box  icon-top sm-icon-normal\"><div class=\"smicon-icon\"><img decoding=\"async\" class=\" smicon-box-icon \" style=\" width:150px;height:150px;   padding: 5px;\" src=\"https:\/\/humanrelax.com\/wp-content\/uploads\/2023\/04\/ikony-web-03-e1682058227137.png\"\/><\/div> <!-- icon --><div class=\"smicon-header\"><h3 class=\"smicon-title\">More on FlowDisc<\/h3><\/div> <!-- header --><div class=\"smicon-description\">dal\u0161\u00ed info k FD<\/div> <!-- description --><\/div> <!-- smicon-box --><\/div> <!-- smicon-component --><\/a>[\/vc_column][vc_column width=&#8221;1\/5&#8243;]<div class=\"smicon-component wpb_animate_when_almost_visible wpb_appear animate-element \"><a class=\"smicon-box-link\" href=\"https:\/\/humanrelax.com\/en\/experience-with-flow-disc\/\" target=\"\"><div class=\"smicon-box  icon-top sm-icon-normal\"><div class=\"smicon-icon\"><img decoding=\"async\" class=\" smicon-box-icon \" style=\" width:150px;height:150px;   padding: 5px;\" src=\"https:\/\/humanrelax.com\/wp-content\/uploads\/2023\/08\/ikony-web-06.png\"\/><\/div> <!-- icon --><div class=\"smicon-header\"><h3 class=\"smicon-title\">Experience with FlowDisc<\/h3><\/div> <!-- header --><div class=\"smicon-description\">zku\u0161enosti u\u017eivatel\u016f<\/div> <!-- description --><\/div> <!-- smicon-box --><\/div> <!-- smicon-component --><\/a>[\/vc_column][\/vc_row]<\/p>\n<\/div>","protected":false},"excerpt":{"rendered":"<p>[vc_row][vc_column width=&#8221;1\/4&#8243;][vc_empty_space height=&#8221;48px&#8221;][vc_single_image image=&#8221;7519&#8243; img_size=&#8221;full&#8221; alignment=&#8221;center&#8221; css_animation=&#8221;fadeIn&#8221; css=&#8221;.vc_custom_1737048900885{margin-top: 0px !important;margin-right: 0px !important;margin-bottom: 0px !important;margin-left: 0px !important;padding-top: 0px !important;padding-right: 0px !important;padding-bottom: 0px !important;padding-left: 0px !important;}&#8221;][\/vc_column][vc_column width=&#8221;3\/4&#8243;][vc_empty_space height=&#8221;48px&#8221;][vc_column_text css=&#8221;&#8221;] STICKER FOR PROTECTION AGAINST HARMFUL RADIATION [\/vc_column_text][vc_column_text css=&#8221;&#8221;] The FlowDisc Wave Cleaner sticker is linked to the Flow Disc information box. This results in significant measurable cleaning effects <a href=\"https:\/\/humanrelax.com\/en\/flowdisc-wave-cleaner-sticker\/\" class=\"read-more below\">READ MORE<\/a><\/p>\n","protected":false},"author":2,"featured_media":0,"parent":0,"menu_order":0,"comment_status":"closed","ping_status":"closed","template":"","meta":{"editor_plus_copied_stylings":"{}","_monsterinsights_skip_tracking":false,"_monsterinsights_sitenote_active":false,"_monsterinsights_sitenote_note":"","_monsterinsights_sitenote_category":0,"footnotes":""},"class_list":["post-7274","page","type-page","status-publish","hentry"],"aioseo_notices":[],"_links":{"self":[{"href":"https:\/\/humanrelax.com\/en\/wp-json\/wp\/v2\/pages\/7274","targetHints":{"allow":["GET"]}}],"collection":[{"href":"https:\/\/humanrelax.com\/en\/wp-json\/wp\/v2\/pages"}],"about":[{"href":"https:\/\/humanrelax.com\/en\/wp-json\/wp\/v2\/types\/page"}],"author":[{"embeddable":true,"href":"https:\/\/humanrelax.com\/en\/wp-json\/wp\/v2\/users\/2"}],"replies":[{"embeddable":true,"href":"https:\/\/humanrelax.com\/en\/wp-json\/wp\/v2\/comments?post=7274"}],"version-history":[{"count":13,"href":"https:\/\/humanrelax.com\/en\/wp-json\/wp\/v2\/pages\/7274\/revisions"}],"predecessor-version":[{"id":7853,"href":"https:\/\/humanrelax.com\/en\/wp-json\/wp\/v2\/pages\/7274\/revisions\/7853"}],"wp:attachment":[{"href":"https:\/\/humanrelax.com\/en\/wp-json\/wp\/v2\/media?parent=7274"}],"curies":[{"name":"wp","href":"https:\/\/api.w.org\/{rel}","templated":true}]}}