{"id":5193,"date":"2017-02-25T15:00:11","date_gmt":"2017-02-25T14:00:11","guid":{"rendered":"https:\/\/humanrelax.com\/kontakt\/"},"modified":"2026-01-27T18:53:12","modified_gmt":"2026-01-27T17:53:12","slug":"contact","status":"publish","type":"page","link":"https:\/\/humanrelax.com\/en\/contact\/","title":{"rendered":"Contact"},"content":{"rendered":"<div class=\"wpb-content-wrapper\"><p>[vc_row][vc_column width=&#8221;1\/2&#8243;][vc_column_text css=&#8221;&#8221;]<strong>For questions about FlowDisc or any other questions you can write to us at<\/strong><\/p>\n<p><strong>Centrum Seraf\u00edn Brno<\/strong><\/p>\n<p><strong>Ji\u0159\u00ed Vesel\u00fd<\/strong><\/p>\n<p><strong><a href=\"https:\/\/email.seznam.cz\/#compose?to=centrumserafinjirka%40gmail.com\">centrumserafinjirka@gmail.com<\/a><\/strong><\/p>\n<p>or<\/p>\n<p><strong><a href=\"https:\/\/viahuman.cz\/kontakt\/\">ViaHuman<\/a><\/strong><\/p>\n<p><strong>Richard Syn\u010d\u00e1k<\/strong><\/p>\n<p><strong>rs@viahuman.cz<\/strong><\/p>\n<p>&nbsp;<\/p>\n<p><strong>Are you interested in FlowDisc and would like to have it shipped to a country outside the Czech Republic?<\/strong><\/p>\n<p><strong>That&#8217;s possible. In addition to the Czech Republic, we can deliver FlowDisc worldwide.<\/strong><\/p>\n<p><strong>If you are interested in having FlowDisc shipped to a country outside the Czech Republic, please contact one of the contacts listed below.<\/strong><\/p>\n<p><strong>We will send you the price and shipping conditions shortly.<\/strong>[\/vc_column_text][vc_empty_space height=&#8221;10px&#8221;][\/vc_column][\/vc_row][vc_row][vc_column][\/vc_column][\/vc_row]<\/p>\n<\/div>","protected":false},"excerpt":{"rendered":"<p>[vc_row][vc_column width=&#8221;1\/2&#8243;][vc_column_text css=&#8221;&#8221;]For questions about FlowDisc or any other questions you can write to us at Centrum Seraf\u00edn Brno Ji\u0159\u00ed Vesel\u00fd centrumserafinjirka@gmail.com or ViaHuman Richard Syn\u010d\u00e1k rs@viahuman.cz &nbsp; Are you interested in FlowDisc and would like to have it shipped to a country outside the Czech Republic? That&#8217;s possible. In addition to the Czech Republic, <a href=\"https:\/\/humanrelax.com\/en\/contact\/\" class=\"read-more below\">READ MORE<\/a><\/p>\n","protected":false},"author":1,"featured_media":0,"parent":0,"menu_order":0,"comment_status":"closed","ping_status":"closed","template":"","meta":{"editor_plus_copied_stylings":"{}","_monsterinsights_skip_tracking":false,"_monsterinsights_sitenote_active":false,"_monsterinsights_sitenote_note":"","_monsterinsights_sitenote_category":0,"footnotes":""},"class_list":["post-5193","page","type-page","status-publish","hentry"],"aioseo_notices":[],"_links":{"self":[{"href":"https:\/\/humanrelax.com\/en\/wp-json\/wp\/v2\/pages\/5193","targetHints":{"allow":["GET"]}}],"collection":[{"href":"https:\/\/humanrelax.com\/en\/wp-json\/wp\/v2\/pages"}],"about":[{"href":"https:\/\/humanrelax.com\/en\/wp-json\/wp\/v2\/types\/page"}],"author":[{"embeddable":true,"href":"https:\/\/humanrelax.com\/en\/wp-json\/wp\/v2\/users\/1"}],"replies":[{"embeddable":true,"href":"https:\/\/humanrelax.com\/en\/wp-json\/wp\/v2\/comments?post=5193"}],"version-history":[{"count":15,"href":"https:\/\/humanrelax.com\/en\/wp-json\/wp\/v2\/pages\/5193\/revisions"}],"predecessor-version":[{"id":8063,"href":"https:\/\/humanrelax.com\/en\/wp-json\/wp\/v2\/pages\/5193\/revisions\/8063"}],"wp:attachment":[{"href":"https:\/\/humanrelax.com\/en\/wp-json\/wp\/v2\/media?parent=5193"}],"curies":[{"name":"wp","href":"https:\/\/api.w.org\/{rel}","templated":true}]}}